{"id":6676,"date":"2019-08-19T05:17:01","date_gmt":"2019-08-19T05:17:01","guid":{"rendered":"https:\/\/marcopolosafaris.com\/?page_id=6676"},"modified":"2023-02-07T03:53:47","modified_gmt":"2023-02-07T03:53:47","slug":"sheba-cottages","status":"publish","type":"page","link":"https:\/\/marcopolosafaris.com\/fr\/sheba-cottages\/","title":{"rendered":"Sheba Cottages"},"content":{"rendered":"<div  class=\"one withsmallpadding ppb_text\" style=\"text-align:left;padding:30px 0 30px 0;\" >\n<div class=\"standard_wrapper\">\n<div class=\"page_content_wrapper\">\n<div class=\"inner\">\n<div style=\"margin:auto;width:100%\">\n<h4>Vacances dans des maisons de vacances luxueuses <\/h4>\n<p>La conception des maisons s&#8217;inspire de l&#8217;architecture swahilie. Les int\u00e9rieurs sont des espaces de vie modernes, propres et ouverts, inond\u00e9s de lumi\u00e8re naturelle et de ventilation, qui profitent du climat ensoleill\u00e9 et a\u00e9r\u00e9 de la c\u00f4te. L&#8217;aspect g\u00e9n\u00e9ral de l&#8217;int\u00e9rieur est contemporain en swahili : des meubles traditionnels en bois grav\u00e9 combin\u00e9s avec des \u00e9l\u00e9ments modernes qui cr\u00e9ent une nouvelle perspective sur la d\u00e9coration int\u00e9rieure de la c\u00f4te. Sheba Cottages est situ\u00e9 \u00e0 10 minutes de la plage de Galu et \u00e0 5 kilom\u00e8tres de la c\u00e9l\u00e8bre plage de Diani. Belle architecture swahilie, environnement calme et agr\u00e9able avec une atmosph\u00e8re familiale. Nous offrons des aliments d\u00e9licieux \u00e0 un prix raisonnable. Bienvenue au Restaurant Sheba et essayez le meilleur de la cuisine africaine. Le bon endroit pour s&#8217;asseoir en famille ou entre amis dans un environnement calme et convivial.<\/p>\n<p>Diani Beach, South Coast, Kenya<\/p>\n<p>sheba.dianibeach@gmail.com<\/p>\n<p><i class=\"fa fa-phone-square fa-fw\" title=\"Phone\"><\/i> +254 (0) 729555553<\/p>\n<p><i class=\"fa fa-globe fa-fw\" title=\"Website\"><\/i> http:\/\/www.shebadianibeach.com<\/p>\n<\/div>\n<\/div>\n<\/div>\n<\/div>\n<\/div>\n<div  class=\"one withsmallpadding ppb_text\" style=\"text-align:left;padding:30px 0 30px 0;\" >\n<div class=\"standard_wrapper\">\n<div class=\"page_content_wrapper\">\n<div class=\"inner\">\n<div style=\"margin:auto;width:100%\">\n<h4>Vacances dans des maisons de vacances luxueuses <\/h4>\n<p>La conception des maisons s&#8217;inspire de l&#8217;architecture swahilie. Les int\u00e9rieurs sont des espaces de vie modernes, propres et ouverts, inond\u00e9s de lumi\u00e8re naturelle et de ventilation, qui profitent du climat ensoleill\u00e9 et a\u00e9r\u00e9 de la c\u00f4te. L&#8217;aspect g\u00e9n\u00e9ral de l&#8217;int\u00e9rieur est contemporain en swahili : des meubles traditionnels en bois grav\u00e9 combin\u00e9s avec des \u00e9l\u00e9ments modernes qui cr\u00e9ent une nouvelle perspective sur la d\u00e9coration int\u00e9rieure de la c\u00f4te. Sheba Cottages est situ\u00e9 \u00e0 10 minutes de la plage de Galu et \u00e0 5 kilom\u00e8tres de la c\u00e9l\u00e8bre plage de Diani. Belle architecture swahilie, environnement calme et agr\u00e9able avec une atmosph\u00e8re familiale. Nous offrons des aliments d\u00e9licieux \u00e0 un prix raisonnable. Bienvenue au Restaurant Sheba et essayez le meilleur de la cuisine africaine. Le bon endroit pour s&#8217;asseoir en famille ou entre amis dans un environnement calme et convivial.<\/p>\n<p>Diani Beach, South Coast, Kenya<\/p>\n<p>sheba.dianibeach@gmail.com<\/p>\n<p><i class=\"fa fa-phone-square fa-fw\" title=\"Phone\"><\/i> +254 (0) 729555553<\/p>\n<p><i class=\"fa fa-globe fa-fw\" title=\"Website\"><\/i> http:\/\/www.shebadianibeach.com<\/p>\n<\/div>\n<\/div>\n<\/div>\n<\/div>\n<\/div>\n","protected":false},"excerpt":{"rendered":"<p>Vacances dans des maisons de vacances luxueuses La conception des maisons s&#8217;inspire de l&#8217;architecture swahilie. Les int\u00e9rieurs sont des espaces de vie modernes, propres et ouverts, inond\u00e9s de lumi\u00e8re naturelle et de ventilation, qui profitent du climat ensoleill\u00e9 et a\u00e9r\u00e9 [&hellip;]<\/p>\n","protected":false},"author":6,"featured_media":4272,"parent":0,"menu_order":0,"comment_status":"closed","ping_status":"closed","template":"","meta":{"iawp_total_views":3,"footnotes":"","_links_to":"","_links_to_target":""},"class_list":["post-6676","page","type-page","status-publish","has-post-thumbnail","hentry"],"_links":{"self":[{"href":"https:\/\/marcopolosafaris.com\/fr\/wp-json\/wp\/v2\/pages\/6676","targetHints":{"allow":["GET"]}}],"collection":[{"href":"https:\/\/marcopolosafaris.com\/fr\/wp-json\/wp\/v2\/pages"}],"about":[{"href":"https:\/\/marcopolosafaris.com\/fr\/wp-json\/wp\/v2\/types\/page"}],"author":[{"embeddable":true,"href":"https:\/\/marcopolosafaris.com\/fr\/wp-json\/wp\/v2\/users\/6"}],"replies":[{"embeddable":true,"href":"https:\/\/marcopolosafaris.com\/fr\/wp-json\/wp\/v2\/comments?post=6676"}],"version-history":[{"count":6,"href":"https:\/\/marcopolosafaris.com\/fr\/wp-json\/wp\/v2\/pages\/6676\/revisions"}],"predecessor-version":[{"id":19785,"href":"https:\/\/marcopolosafaris.com\/fr\/wp-json\/wp\/v2\/pages\/6676\/revisions\/19785"}],"wp:featuredmedia":[{"embeddable":true,"href":"https:\/\/marcopolosafaris.com\/fr\/wp-json\/wp\/v2\/media\/4272"}],"wp:attachment":[{"href":"https:\/\/marcopolosafaris.com\/fr\/wp-json\/wp\/v2\/media?parent=6676"}],"curies":[{"name":"wp","href":"https:\/\/api.w.org\/{rel}","templated":true}]}}