{"id":6492,"date":"2019-12-05T19:02:29","date_gmt":"2019-12-05T19:02:29","guid":{"rendered":"https:\/\/marcopolosafaris.com\/?page_id=6492"},"modified":"2023-02-07T03:23:46","modified_gmt":"2023-02-07T03:23:46","slug":"neptune-village-beach-resort-spa","status":"publish","type":"page","link":"https:\/\/marcopolosafaris.com\/fr\/neptune-village-beach-resort-spa\/","title":{"rendered":"Neptune Village Beach Resort &#038; Spa"},"content":{"rendered":"<div  class=\"one withsmallpadding ppb_text\" style=\"text-align:left;padding:30px 0 30px 0;\" >\n<div class=\"standard_wrapper\">\n<div class=\"page_content_wrapper\">\n<div class=\"inner\">\n<div style=\"margin:auto;width:100%\">\n<h5>Neptune Village Beach Resort &#038; Spa<\/h5>\n<p>>Neptune Village Beach Resort &#038; Spa<br \/>\nSituation id\u00e9ale sur la belle plage de Diani et directement en face de notre bureau Marco Polo Tours &#038; Safaris. Ici, vous pouvez faire l&#8217;exp\u00e9rience de l&#8217;hospitalit\u00e9 africaine de tr\u00e8s pr\u00e8s et de son meilleur c\u00f4t\u00e9. Parfaite connexion entre la station et la nature gr\u00e2ce aux toits Makuti sur les chambres, les restaurants et les bars et le tr\u00e8s grand jardin tropical. L&#8217;un des plus grands h\u00f4tels de plage de Mombasa. Profitez du concept tout compris. A environ 40 km au sud de Mombasa, \u00e0 environ 45 km de l&#8217;a\u00e9roport international de Moi et \u00e0 seulement 8 km de la piste Ukunda toute proche.<\/p>\n<p>Les demandes de r\u00e9servation \u00e0 l&#8217;un des h\u00f4tels Neptune peuvent \u00eatre faites par notre interm\u00e9diaire ou directement sur le site Web <a href=\"http:\/\/www.neptunehotels.com\/en\/hotels\/neptune-village-beach-resort-spa\" target=\"_blank\" rel=\"noopener noreferrer\">Neptune Village Beach Resort &#038; Spa<\/a>.<\/p>\n<\/div>\n<\/div>\n<\/div>\n<\/div>\n<\/div>\n<div  class=\"one withsmallpadding ppb_text\" style=\"text-align:left;padding:30px 0 30px 0;\" >\n<div class=\"standard_wrapper\">\n<div class=\"page_content_wrapper\">\n<div class=\"inner\">\n<div style=\"margin:auto;width:100%\">\n<p>Neptune Village Beach Resort &#038; Spa<\/p>\n<div class=\"asset-contact\">\n<p><i class=\"fa fa-envelope fa-fw\" title=\"Email\"><\/i> reservations@neptunehotels.com<\/p>\n<p><i class=\"fa fa-phone-square fa-fw\" title=\"Phone\"><\/i> +254203549971<\/p>\n<p><i class=\"fa fa-globe fa-fw\" title=\"Website\"><\/i> http:\/\/www.neptunehotels.com<\/p>\n<\/div>\n<\/div>\n<\/div>\n<\/div>\n<\/div>\n<\/div>\n<div  class=\"one withsmallpadding ppb_text\" style=\"text-align:left;padding:30px 0 30px 0;\" >\n<div class=\"standard_wrapper\">\n<div class=\"page_content_wrapper\">\n<div class=\"inner\">\n<div style=\"margin:auto;width:100%\">\n<p>Neptune Village Beach Resort &#038; Spa<\/p>\n<div class=\"asset-contact\">\n<p><i class=\"fa fa-envelope fa-fw\" title=\"Email\"><\/i> reservations@neptunehotels.com<\/p>\n<p><i class=\"fa fa-phone-square fa-fw\" title=\"Phone\"><\/i> +254203549971<\/p>\n<p><i class=\"fa fa-globe fa-fw\" title=\"Website\"><\/i> http:\/\/www.neptunehotels.com<\/p>\n<\/div>\n<\/div>\n<\/div>\n<\/div>\n<\/div>\n<\/div>\n","protected":false},"excerpt":{"rendered":"<p>Neptune Village Beach Resort &#038; Spa >Neptune Village Beach Resort &#038; Spa Situation id\u00e9ale sur la belle plage de Diani et directement en face de notre bureau Marco Polo Tours &#038; Safaris. Ici, vous pouvez faire l&#8217;exp\u00e9rience de l&#8217;hospitalit\u00e9 africaine [&hellip;]<\/p>\n","protected":false},"author":6,"featured_media":6509,"parent":0,"menu_order":0,"comment_status":"closed","ping_status":"closed","template":"","meta":{"iawp_total_views":11,"footnotes":"","_links_to":"","_links_to_target":""},"class_list":["post-6492","page","type-page","status-publish","has-post-thumbnail","hentry"],"_links":{"self":[{"href":"https:\/\/marcopolosafaris.com\/fr\/wp-json\/wp\/v2\/pages\/6492","targetHints":{"allow":["GET"]}}],"collection":[{"href":"https:\/\/marcopolosafaris.com\/fr\/wp-json\/wp\/v2\/pages"}],"about":[{"href":"https:\/\/marcopolosafaris.com\/fr\/wp-json\/wp\/v2\/types\/page"}],"author":[{"embeddable":true,"href":"https:\/\/marcopolosafaris.com\/fr\/wp-json\/wp\/v2\/users\/6"}],"replies":[{"embeddable":true,"href":"https:\/\/marcopolosafaris.com\/fr\/wp-json\/wp\/v2\/comments?post=6492"}],"version-history":[{"count":7,"href":"https:\/\/marcopolosafaris.com\/fr\/wp-json\/wp\/v2\/pages\/6492\/revisions"}],"predecessor-version":[{"id":19760,"href":"https:\/\/marcopolosafaris.com\/fr\/wp-json\/wp\/v2\/pages\/6492\/revisions\/19760"}],"wp:featuredmedia":[{"embeddable":true,"href":"https:\/\/marcopolosafaris.com\/fr\/wp-json\/wp\/v2\/media\/6509"}],"wp:attachment":[{"href":"https:\/\/marcopolosafaris.com\/fr\/wp-json\/wp\/v2\/media?parent=6492"}],"curies":[{"name":"wp","href":"https:\/\/api.w.org\/{rel}","templated":true}]}}