{"id":6259,"date":"2019-08-19T05:19:53","date_gmt":"2019-08-19T05:19:53","guid":{"rendered":"https:\/\/marcopolosafaris.com\/diani-sea-lodge\/"},"modified":"2023-02-04T05:57:23","modified_gmt":"2023-02-04T05:57:23","slug":"diani-sea-lodge","status":"publish","type":"page","link":"https:\/\/marcopolosafaris.com\/fr\/diani-sea-lodge\/","title":{"rendered":"Diani Sea Lodge"},"content":{"rendered":"<div  class=\"one withsmallpadding ppb_text\" style=\"text-align:left;padding:30px 0 30px 0;\" >\n<div class=\"standard_wrapper\">\n<div class=\"page_content_wrapper\">\n<div class=\"inner\">\n<div style=\"margin:auto;width:100%\">\n<p>Situ\u00e9 sur les plus belles plages de sable blanc cristallin de la c\u00f4te sud du Kenya, le vaste terrain est ombrag\u00e9 par des cocotiers et une vari\u00e9t\u00e9 d&#8217;arbres et de fleurs exotiques. Notre complexe tout compris Diani Beach Resort offre le paradis tropical ultime. La vie animale est abondante et plusieurs esp\u00e8ces de singes bondissent dans les environs.<\/p>\n<p>L&#8217;h\u00f4tel est situ\u00e9 dans un grand jardin tropical et dispose de 168 chambres. Les chambres sont divis\u00e9es en 3 cat\u00e9gories : Chambres sup\u00e9rieures avec vue sur le jardin, chambres confort r\u00e9nov\u00e9es avec vue sur le jardin et chambres Bahari. Toutes les chambres sont \u00e9quip\u00e9es d&#8217;une t\u00e9l\u00e9vision \u00e0 \u00e9cran plat, de moustiquaires et de la climatisation \u00e0 deux niveaux. D\u00e9tendez-vous un peu plus. Toutes les chambres Bahari sont situ\u00e9es \u00e0 proximit\u00e9 de la plage et des principaux quartiers. Profitez de votre environnement sur votre terrasse\/balcon avec une belle vue lat\u00e9rale sur les jardins tropicaux. Tous les meubles sont fabriqu\u00e9s en bois local dans un style africain. Nous proposons des chambres familiales dans chaque cat\u00e9gorie.<\/p>\n<p>Un sourire amical est contagieux ! Profitez de l&#8217;hospitalit\u00e9 kenyane \u00e0 son meilleur. Notre personnel s&#8217;occupera de vos besoins et fera de votre visite un moment tr\u00e8s agr\u00e9able et m\u00e9morable. Avec ses chambres confortables et spacieuses, le Diani Sea Lodge vous offre un merveilleux foyer loin de chez vous. Nous nous effor\u00e7ons de rendre votre s\u00e9jour aussi confortable que possible, mais nous nous effor\u00e7ons \u00e9galement de donner quelque chose en retour \u00e0 la communaut\u00e9 locale et nous le faisons \u00e0 chaque occasion. Nous sommes pr\u00eats \u00e0 vous g\u00e2ter de toutes les mani\u00e8res possibles lorsque votre voyage vous m\u00e8nera sur notre grande plage.<br \/>\nR\u00e9jouissez-vous ! Vous \u00eates au Kenya !<\/p>\n<p>Les demandes de r\u00e9servation au Diani Sea Lodge ne peuvent \u00eatre effectu\u00e9es que directement sur le site Internet du <a href=\"https:\/\/dianisea.reserveport.com\/accommodation\/room-selection?checkin_date=&#038;checkout_date=&#038;rooms=2&#038;adults=2&#038;children=&#038;babies=\" target=\"_blank\" rel=\"noopener noreferrer\">Diani Sea Lodge<\/a> .<\/p>\n<\/div>\n<\/div>\n<\/div>\n<\/div>\n<\/div>\n<div  class=\"one withsmallpadding ppb_text\" style=\"text-align:left;padding:30px 0 30px 0;\" >\n<div class=\"standard_wrapper\">\n<div class=\"page_content_wrapper\">\n<div class=\"inner\">\n<div style=\"margin:auto;width:100%\">\n<p>Diani Beach, South Coast, Kenya<\/p>\n<div class=\"asset-contact\">\n<p><i class=\"fa fa-envelope fa-fw\" title=\"Email\"><\/i> reservation@dianisea.com<\/p>\n<p><i class=\"fa fa-phone-square fa-fw\" title=\"Phone\"><\/i> +254791577141<\/p>\n<p><i class=\"fa fa-globe fa-fw\" title=\"Website\"><\/i> https:\/\/www.dianisealodge.de<\/p>\n<\/div>\n<\/div>\n<\/div>\n<\/div>\n<\/div>\n<\/div>\n<div  class=\"one withsmallpadding ppb_text\" style=\"text-align:left;padding:30px 0 30px 0;\" >\n<div class=\"standard_wrapper\">\n<div class=\"page_content_wrapper\">\n<div class=\"inner\">\n<div style=\"margin:auto;width:100%\">\n<p>Diani Beach, South Coast, Kenya<\/p>\n<div class=\"asset-contact\">\n<p><i class=\"fa fa-envelope fa-fw\" title=\"Email\"><\/i> reservation@dianisea.com<\/p>\n<p><i class=\"fa fa-phone-square fa-fw\" title=\"Phone\"><\/i> +254791577141<\/p>\n<p><i class=\"fa fa-globe fa-fw\" title=\"Website\"><\/i> https:\/\/www.dianisealodge.de<\/p>\n<\/div>\n<\/div>\n<\/div>\n<\/div>\n<\/div>\n<\/div>\n","protected":false},"excerpt":{"rendered":"<p>Situ\u00e9 sur les plus belles plages de sable blanc cristallin de la c\u00f4te sud du Kenya, le vaste terrain est ombrag\u00e9 par des cocotiers et une vari\u00e9t\u00e9 d&#8217;arbres et de fleurs exotiques. Notre complexe tout compris Diani Beach Resort offre [&hellip;]<\/p>\n","protected":false},"author":6,"featured_media":6261,"parent":0,"menu_order":0,"comment_status":"closed","ping_status":"closed","template":"","meta":{"iawp_total_views":12,"footnotes":"","_links_to":"","_links_to_target":""},"class_list":["post-6259","page","type-page","status-publish","has-post-thumbnail","hentry"],"_links":{"self":[{"href":"https:\/\/marcopolosafaris.com\/fr\/wp-json\/wp\/v2\/pages\/6259","targetHints":{"allow":["GET"]}}],"collection":[{"href":"https:\/\/marcopolosafaris.com\/fr\/wp-json\/wp\/v2\/pages"}],"about":[{"href":"https:\/\/marcopolosafaris.com\/fr\/wp-json\/wp\/v2\/types\/page"}],"author":[{"embeddable":true,"href":"https:\/\/marcopolosafaris.com\/fr\/wp-json\/wp\/v2\/users\/6"}],"replies":[{"embeddable":true,"href":"https:\/\/marcopolosafaris.com\/fr\/wp-json\/wp\/v2\/comments?post=6259"}],"version-history":[{"count":12,"href":"https:\/\/marcopolosafaris.com\/fr\/wp-json\/wp\/v2\/pages\/6259\/revisions"}],"predecessor-version":[{"id":19157,"href":"https:\/\/marcopolosafaris.com\/fr\/wp-json\/wp\/v2\/pages\/6259\/revisions\/19157"}],"wp:featuredmedia":[{"embeddable":true,"href":"https:\/\/marcopolosafaris.com\/fr\/wp-json\/wp\/v2\/media\/6261"}],"wp:attachment":[{"href":"https:\/\/marcopolosafaris.com\/fr\/wp-json\/wp\/v2\/media?parent=6259"}],"curies":[{"name":"wp","href":"https:\/\/api.w.org\/{rel}","templated":true}]}}