{"id":6302,"date":"2019-08-19T05:18:31","date_gmt":"2019-08-19T05:18:31","guid":{"rendered":"https:\/\/marcopolosafaris.com\/diani-sea-resort\/"},"modified":"2023-02-08T12:29:59","modified_gmt":"2023-02-08T12:29:59","slug":"diani-sea-resort","status":"publish","type":"page","link":"https:\/\/marcopolosafaris.com\/de\/diani-sea-resort\/","title":{"rendered":"Diani Sea Resort"},"content":{"rendered":"<div  class=\"one withsmallpadding ppb_text\" style=\"text-align:left;padding:30px 0 30px 0;\" >\n<div class=\"standard_wrapper\">\n<div class=\"page_content_wrapper\">\n<div class=\"inner\">\n<div style=\"margin:auto;width:100%\">\n<h5>Diani Sea Resort<\/h5>\n<p>An den sch\u00f6nsten unber\u00fchrten, kristallklaren, wei\u00dfen Sandstr\u00e4nden an der S\u00fcdk\u00fcste Kenias gelegen, wird die ausgedehnte Anlage von Kokospalmen und einer Vielzahl exotischer B\u00e4ume und Blumen beschattet. Unser all inclusive Diani Beach Resort bietet das ultimative tropische Paradies. Das Tierleben ist reichlich vorhanden und es gibt verschiedene Arten von Affen, die in der N\u00e4he herumh\u00fcpfen.<\/p>\n<p>Helles Wei\u00df gegen den blauen Himmel, eingebettet in ausgedehnte tropische G\u00e4rten, verf\u00fcgt das Hotel \u00fcber 170 Zimmer. Die Zimmer sind in 3 Kategorien unterteilt: Superior-Zimmer mit Gartenblick, Bahari-Zimmer mit Meer-\/Poolblick und Suite. Alle Zimmer verf\u00fcgen \u00fcber Flachbildfernseher, Kaffee- und Teekocher. Die Bahari-Zimmer verf\u00fcgen \u00fcber eine gut ausgestattete Minibar und liegen n\u00e4her am Pool und Meer. Wir bieten Familienzimmer in jeder Kategorie an.<\/p>\n<p>Lassen Sie unsere erfahrenen K\u00fcchen- und Servicemitarbeiter die Arbeit f\u00fcr Sie erledigen. Mit unseren komfortablen und ger\u00e4umigen Zimmern bietet das Diani Sea Resort ein herrliches Zuhause fernab der Heimat. Wir sind bestrebt, Ihren Aufenthalt bestm\u00f6glich zu gestalten, aber wir sind auch bestrebt, der lokalen Gemeinschaft etwas zur\u00fcckzugeben und dies bei jeder Gelegenheit zu tun. Wir sind bereit, Sie auf jede erdenkliche Weise zu verw\u00f6hnen, wenn Ihre Reise Sie in unser gro\u00dfartiges Urlaubsparadies f\u00fchrt.<br \/>\nFreuen Sie sich! Sie sind in Kenia!<\/p>\n<p>Buchungsanfragen an Diani Sea Resort erfolgen nur direkt \u00fcber die Webseite des <a href=\"https:\/\/dianisearesort.reserveport.com\/\" target=\"_blank\" rel=\"noopener\">Diani Sea Resort<\/a>.<\/p>\n<p>Diani Beach, South Coast, Kenya<\/p>\n<p>reservation@dianisea.com<\/p>\n<p><i class=\"fa fa-phone-square fa-fw\" title=\"Phone\"><\/i> +254 791 577141<\/p>\n<p><i class=\"fa fa-globe fa-fw\" title=\"Website\"><\/i> https:\/\/www.dianisearesort.de<\/p>\n<\/div>\n<\/div>\n<\/div>\n<\/div>\n<\/div>\n<div  class=\"one withsmallpadding ppb_text\" style=\"text-align:left;padding:30px 0 30px 0;\" >\n<div class=\"standard_wrapper\">\n<div class=\"page_content_wrapper\">\n<div class=\"inner\">\n<div style=\"margin:auto;width:100%\">\n<h5>Diani Sea Resort<\/h5>\n<p>An den sch\u00f6nsten unber\u00fchrten, kristallklaren, wei\u00dfen Sandstr\u00e4nden an der S\u00fcdk\u00fcste Kenias gelegen, wird die ausgedehnte Anlage von Kokospalmen und einer Vielzahl exotischer B\u00e4ume und Blumen beschattet. Unser all inclusive Diani Beach Resort bietet das ultimative tropische Paradies. Das Tierleben ist reichlich vorhanden und es gibt verschiedene Arten von Affen, die in der N\u00e4he herumh\u00fcpfen.<\/p>\n<p>Helles Wei\u00df gegen den blauen Himmel, eingebettet in ausgedehnte tropische G\u00e4rten, verf\u00fcgt das Hotel \u00fcber 170 Zimmer. Die Zimmer sind in 3 Kategorien unterteilt: Superior-Zimmer mit Gartenblick, Bahari-Zimmer mit Meer-\/Poolblick und Suite. Alle Zimmer verf\u00fcgen \u00fcber Flachbildfernseher, Kaffee- und Teekocher. Die Bahari-Zimmer verf\u00fcgen \u00fcber eine gut ausgestattete Minibar und liegen n\u00e4her am Pool und Meer. Wir bieten Familienzimmer in jeder Kategorie an.<\/p>\n<p>Lassen Sie unsere erfahrenen K\u00fcchen- und Servicemitarbeiter die Arbeit f\u00fcr Sie erledigen. Mit unseren komfortablen und ger\u00e4umigen Zimmern bietet das Diani Sea Resort ein herrliches Zuhause fernab der Heimat. Wir sind bestrebt, Ihren Aufenthalt bestm\u00f6glich zu gestalten, aber wir sind auch bestrebt, der lokalen Gemeinschaft etwas zur\u00fcckzugeben und dies bei jeder Gelegenheit zu tun. Wir sind bereit, Sie auf jede erdenkliche Weise zu verw\u00f6hnen, wenn Ihre Reise Sie in unser gro\u00dfartiges Urlaubsparadies f\u00fchrt.<br \/>\nFreuen Sie sich! Sie sind in Kenia!<\/p>\n<p>Buchungsanfragen an Diani Sea Resort erfolgen nur direkt \u00fcber die Webseite des <a href=\"https:\/\/dianisearesort.reserveport.com\/\" target=\"_blank\" rel=\"noopener\">Diani Sea Resort<\/a>.<\/p>\n<p>Diani Beach, South Coast, Kenya<\/p>\n<p>reservation@dianisea.com<\/p>\n<p><i class=\"fa fa-phone-square fa-fw\" title=\"Phone\"><\/i> +254 791 577141<\/p>\n<p><i class=\"fa fa-globe fa-fw\" title=\"Website\"><\/i> https:\/\/www.dianisearesort.de<\/p>\n<\/div>\n<\/div>\n<\/div>\n<\/div>\n<\/div>\n","protected":false},"excerpt":{"rendered":"<p>Diani Sea Resort An den sch\u00f6nsten unber\u00fchrten, kristallklaren, wei\u00dfen Sandstr\u00e4nden an der S\u00fcdk\u00fcste Kenias gelegen, wird die ausgedehnte Anlage von Kokospalmen und einer Vielzahl exotischer B\u00e4ume und Blumen beschattet. Unser all inclusive Diani Beach Resort bietet das ultimative tropische Paradies. [&hellip;]<\/p>\n","protected":false},"author":6,"featured_media":6303,"parent":0,"menu_order":0,"comment_status":"closed","ping_status":"closed","template":"","meta":{"iawp_total_views":25,"footnotes":"","_links_to":"","_links_to_target":""},"class_list":["post-6302","page","type-page","status-publish","has-post-thumbnail","hentry"],"_links":{"self":[{"href":"https:\/\/marcopolosafaris.com\/de\/wp-json\/wp\/v2\/pages\/6302","targetHints":{"allow":["GET"]}}],"collection":[{"href":"https:\/\/marcopolosafaris.com\/de\/wp-json\/wp\/v2\/pages"}],"about":[{"href":"https:\/\/marcopolosafaris.com\/de\/wp-json\/wp\/v2\/types\/page"}],"author":[{"embeddable":true,"href":"https:\/\/marcopolosafaris.com\/de\/wp-json\/wp\/v2\/users\/6"}],"replies":[{"embeddable":true,"href":"https:\/\/marcopolosafaris.com\/de\/wp-json\/wp\/v2\/comments?post=6302"}],"version-history":[{"count":33,"href":"https:\/\/marcopolosafaris.com\/de\/wp-json\/wp\/v2\/pages\/6302\/revisions"}],"predecessor-version":[{"id":19794,"href":"https:\/\/marcopolosafaris.com\/de\/wp-json\/wp\/v2\/pages\/6302\/revisions\/19794"}],"wp:featuredmedia":[{"embeddable":true,"href":"https:\/\/marcopolosafaris.com\/de\/wp-json\/wp\/v2\/media\/6303"}],"wp:attachment":[{"href":"https:\/\/marcopolosafaris.com\/de\/wp-json\/wp\/v2\/media?parent=6302"}],"curies":[{"name":"wp","href":"https:\/\/api.w.org\/{rel}","templated":true}]}}